{"id":1433,"date":"2020-12-01T21:01:58","date_gmt":"2020-12-01T20:01:58","guid":{"rendered":"http:\/\/parafiajeziorany.pl\/?page_id=1433"},"modified":"2020-12-22T23:42:04","modified_gmt":"2020-12-22T22:42:04","slug":"ks-teodor-teobankologia","status":"publish","type":"page","link":"http:\/\/parafiajeziorany.pl\/?page_id=1433","title":{"rendered":"Ks. Teodor &#8211; TEOBA\u0143KOLOGIA"},"content":{"rendered":"\n<figure class=\"wp-block-embed is-type-video is-provider-youtube wp-block-embed-youtube wp-embed-aspect-16-9 wp-has-aspect-ratio\"><div class=\"wp-block-embed__wrapper\">\n<iframe loading=\"lazy\" title=\"#nabogato Propozycja ks. Teodora na prze\u017cycie adwentu, by tak o sobie nie przelecia\u0142 bezowocnie...\" width=\"525\" height=\"295\" src=\"https:\/\/www.youtube.com\/embed\/5bBoFfnszUI?feature=oembed\" frameborder=\"0\" allow=\"accelerometer; autoplay; clipboard-write; encrypted-media; gyroscope; picture-in-picture; web-share\" referrerpolicy=\"strict-origin-when-cross-origin\" allowfullscreen><\/iframe>\n<\/div><figcaption><strong><span class=\"has-inline-color has-cyan-bluish-gray-color\">Zapowied\u017a<\/span><\/strong><\/figcaption><\/figure>\n\n\n\n<figure class=\"wp-block-embed is-type-video is-provider-youtube wp-block-embed-youtube wp-embed-aspect-16-9 wp-has-aspect-ratio\"><div class=\"wp-block-embed__wrapper\">\n<iframe loading=\"lazy\" title=\"Ci\u0105g\u0142e oskar\u017cenia w g\u0142owie... te\u017c tak masz? Rekolekcje z ba\u0144kami mydlanymi ks. Teodor cz. #1\" width=\"525\" height=\"295\" src=\"https:\/\/www.youtube.com\/embed\/1gptuzhc_c0?feature=oembed\" frameborder=\"0\" allow=\"accelerometer; autoplay; clipboard-write; encrypted-media; gyroscope; picture-in-picture; web-share\" referrerpolicy=\"strict-origin-when-cross-origin\" allowfullscreen><\/iframe>\n<\/div><figcaption><strong><span class=\"has-inline-color has-cyan-bluish-gray-color\">1<\/span><\/strong><\/figcaption><\/figure>\n\n\n\n<figure class=\"wp-block-embed is-type-video is-provider-youtube wp-block-embed-youtube wp-embed-aspect-16-9 wp-has-aspect-ratio\"><div class=\"wp-block-embed__wrapper\">\n<iframe loading=\"lazy\" title=\"W imi\u0119 Jezusa otw\u00f3rz si\u0119\u203c\u203c Rekolekcje z ba\u0144kami mydlanymi. ks. Teodor cz. #2\" width=\"525\" height=\"295\" src=\"https:\/\/www.youtube.com\/embed\/HBrvr91JrN4?start=2&#038;feature=oembed\" frameborder=\"0\" allow=\"accelerometer; autoplay; clipboard-write; encrypted-media; gyroscope; picture-in-picture; web-share\" referrerpolicy=\"strict-origin-when-cross-origin\" allowfullscreen><\/iframe>\n<\/div><figcaption><strong><span class=\"has-inline-color has-cyan-bluish-gray-color\">2<\/span><\/strong><\/figcaption><\/figure>\n\n\n\n<figure class=\"wp-block-embed is-type-video is-provider-youtube wp-block-embed-youtube wp-embed-aspect-16-9 wp-has-aspect-ratio\"><div class=\"wp-block-embed__wrapper\">\n<iframe loading=\"lazy\" title=\"Jak wiele zale\u017cy od Twojego patrzenia i interpretacji.. Rekolekcje z ba\u0144kami ..ks. Teodor cz. #3\" width=\"525\" height=\"295\" src=\"https:\/\/www.youtube.com\/embed\/pACGe5niyGs?feature=oembed\" frameborder=\"0\" allow=\"accelerometer; autoplay; clipboard-write; encrypted-media; gyroscope; picture-in-picture; web-share\" referrerpolicy=\"strict-origin-when-cross-origin\" allowfullscreen><\/iframe>\n<\/div><figcaption><strong><span class=\"has-inline-color has-cyan-bluish-gray-color\">3<\/span><\/strong><\/figcaption><\/figure>\n\n\n\n<figure class=\"wp-block-embed is-type-video is-provider-youtube wp-block-embed-youtube wp-embed-aspect-16-9 wp-has-aspect-ratio\"><div class=\"wp-block-embed__wrapper\">\n<iframe loading=\"lazy\" title=\"Odcinek dla ludzi z mroczn\u0105 przesz\u0142o\u015bci\u0105... Rekolekcje z ba\u0144kami mydlanymi ks. Teodor cz. #4\" width=\"525\" height=\"295\" src=\"https:\/\/www.youtube.com\/embed\/r4pPKuvs7W0?feature=oembed\" frameborder=\"0\" allow=\"accelerometer; autoplay; clipboard-write; encrypted-media; gyroscope; picture-in-picture; web-share\" referrerpolicy=\"strict-origin-when-cross-origin\" allowfullscreen><\/iframe>\n<\/div><figcaption><strong><span class=\"has-inline-color has-cyan-bluish-gray-color\">4<\/span><\/strong><\/figcaption><\/figure>\n\n\n\n<figure class=\"wp-block-embed is-type-video is-provider-youtube wp-block-embed-youtube wp-embed-aspect-16-9 wp-has-aspect-ratio\"><div class=\"wp-block-embed__wrapper\">\n<iframe loading=\"lazy\" title=\"Szed\u0142em przez pustyni\u0119, na kt\u00f3rej Jezus by\u0142 kuszony i mog\u0142em tam zosta\u0107... rekolekcje z ba\u0144kami #5\" width=\"525\" height=\"295\" src=\"https:\/\/www.youtube.com\/embed\/rGtyGAhkCCw?feature=oembed\" frameborder=\"0\" allow=\"accelerometer; autoplay; clipboard-write; encrypted-media; gyroscope; picture-in-picture; web-share\" referrerpolicy=\"strict-origin-when-cross-origin\" allowfullscreen><\/iframe>\n<\/div><figcaption><strong><span class=\"has-inline-color has-cyan-bluish-gray-color\">5<\/span><\/strong><\/figcaption><\/figure>\n\n\n\n<figure class=\"wp-block-embed is-type-video is-provider-youtube wp-block-embed-youtube wp-embed-aspect-16-9 wp-has-aspect-ratio\"><div class=\"wp-block-embed__wrapper\">\n<iframe loading=\"lazy\" title=\"M\u00f3wi\u0105 Ci: &quot;uwierz w Jezusa&quot;, ale co to w\u0142a\u015bciwie znaczy? Rekolekcje  z ba\u0144kami ks.Teodor cz. #6\" width=\"525\" height=\"295\" src=\"https:\/\/www.youtube.com\/embed\/r710zxRGLq0?feature=oembed\" frameborder=\"0\" allow=\"accelerometer; autoplay; clipboard-write; encrypted-media; gyroscope; picture-in-picture; web-share\" referrerpolicy=\"strict-origin-when-cross-origin\" allowfullscreen><\/iframe>\n<\/div><figcaption><strong><span class=\"has-inline-color has-cyan-bluish-gray-color\">6<\/span><\/strong><\/figcaption><\/figure>\n\n\n\n<figure class=\"wp-block-embed is-type-video is-provider-youtube wp-block-embed-youtube wp-embed-aspect-16-9 wp-has-aspect-ratio\"><div class=\"wp-block-embed__wrapper\">\n<iframe loading=\"lazy\" title=\"Je\u015bli tego nie zrobisz, b\u0119dziesz tylko my\u015bla\u0142, \u017ce wierzysz... rekolekcje z ba\u0144kami mydlanymi cz. #7\" width=\"525\" height=\"295\" src=\"https:\/\/www.youtube.com\/embed\/mvLjCtwjsXQ?feature=oembed\" frameborder=\"0\" allow=\"accelerometer; autoplay; clipboard-write; encrypted-media; gyroscope; picture-in-picture; web-share\" referrerpolicy=\"strict-origin-when-cross-origin\" allowfullscreen><\/iframe>\n<\/div><figcaption><strong><span class=\"has-inline-color has-cyan-bluish-gray-color\">7<\/span><\/strong><\/figcaption><\/figure>\n\n\n\n<figure class=\"wp-block-embed is-type-video is-provider-youtube wp-block-embed-youtube wp-embed-aspect-16-9 wp-has-aspect-ratio\"><div class=\"wp-block-embed__wrapper\">\n<iframe loading=\"lazy\" title=\"Nie r\u00f3b tego, je\u015bli uwa\u017casz si\u0119 za gorliwego katolika. Rekolekcje z ba\u0144kami mydlanymi ks. Teodor #8\" width=\"525\" height=\"295\" src=\"https:\/\/www.youtube.com\/embed\/rTujb8H0090?feature=oembed\" frameborder=\"0\" allow=\"accelerometer; autoplay; clipboard-write; encrypted-media; gyroscope; picture-in-picture; web-share\" referrerpolicy=\"strict-origin-when-cross-origin\" allowfullscreen><\/iframe>\n<\/div><figcaption><strong><span class=\"has-inline-color has-cyan-bluish-gray-color\">8<\/span><\/strong><\/figcaption><\/figure>\n\n\n\n<figure class=\"wp-block-embed is-type-video is-provider-youtube wp-block-embed-youtube wp-embed-aspect-16-9 wp-has-aspect-ratio\"><div class=\"wp-block-embed__wrapper\">\n<iframe loading=\"lazy\" title=\"Ciemna noc duszy, gdy Jezus wydaje si\u0119 by\u0107 zjaw\u0105. Rekolekcje z ba\u0144kami ks.Teodor cz.#9\" width=\"525\" height=\"295\" src=\"https:\/\/www.youtube.com\/embed\/HB9oPlnL98k?feature=oembed\" frameborder=\"0\" allow=\"accelerometer; autoplay; clipboard-write; encrypted-media; gyroscope; picture-in-picture; web-share\" referrerpolicy=\"strict-origin-when-cross-origin\" allowfullscreen><\/iframe>\n<\/div><figcaption><strong><span class=\"has-inline-color has-cyan-bluish-gray-color\">9<\/span><\/strong><\/figcaption><\/figure>\n\n\n\n<figure class=\"wp-block-embed is-type-video is-provider-youtube wp-block-embed-youtube wp-embed-aspect-16-9 wp-has-aspect-ratio\"><div class=\"wp-block-embed__wrapper\">\n<iframe loading=\"lazy\" title=\"Gdy przekle\u0144stwo zmienia si\u0119 w b\u0142ogos\u0142awie\u0144stwo dzi\u0119ki... Rekolekcje z ba\u0144kami ks. Teodor cz.#10\" width=\"525\" height=\"295\" src=\"https:\/\/www.youtube.com\/embed\/PQcgJCebHP8?feature=oembed\" frameborder=\"0\" allow=\"accelerometer; autoplay; clipboard-write; encrypted-media; gyroscope; picture-in-picture; web-share\" referrerpolicy=\"strict-origin-when-cross-origin\" allowfullscreen><\/iframe>\n<\/div><figcaption><strong><span class=\"has-inline-color has-cyan-bluish-gray-color\">10<\/span><\/strong><\/figcaption><\/figure>\n\n\n\n<figure class=\"wp-block-embed is-type-video is-provider-youtube wp-block-embed-youtube wp-embed-aspect-16-9 wp-has-aspect-ratio\"><div class=\"wp-block-embed__wrapper\">\n<iframe loading=\"lazy\" title=\"Bardzo dobra rada \u015bw. Teresy na roztargnienia na modlitwie. Rekolekcje z ba\u0144kami mydlanymi cz.#11\" width=\"525\" height=\"295\" src=\"https:\/\/www.youtube.com\/embed\/HgQf1e2xTBc?feature=oembed\" frameborder=\"0\" allow=\"accelerometer; autoplay; clipboard-write; encrypted-media; gyroscope; picture-in-picture; web-share\" referrerpolicy=\"strict-origin-when-cross-origin\" allowfullscreen><\/iframe>\n<\/div><figcaption><strong><span class=\"has-inline-color has-cyan-bluish-gray-color\">11<\/span><\/strong><\/figcaption><\/figure>\n\n\n\n<p><\/p>\n","protected":false},"excerpt":{"rendered":"","protected":false},"author":2,"featured_media":0,"parent":0,"menu_order":0,"comment_status":"closed","ping_status":"closed","template":"","meta":{"footnotes":""},"class_list":["post-1433","page","type-page","status-publish","hentry"],"_links":{"self":[{"href":"http:\/\/parafiajeziorany.pl\/index.php?rest_route=\/wp\/v2\/pages\/1433","targetHints":{"allow":["GET"]}}],"collection":[{"href":"http:\/\/parafiajeziorany.pl\/index.php?rest_route=\/wp\/v2\/pages"}],"about":[{"href":"http:\/\/parafiajeziorany.pl\/index.php?rest_route=\/wp\/v2\/types\/page"}],"author":[{"embeddable":true,"href":"http:\/\/parafiajeziorany.pl\/index.php?rest_route=\/wp\/v2\/users\/2"}],"replies":[{"embeddable":true,"href":"http:\/\/parafiajeziorany.pl\/index.php?rest_route=%2Fwp%2Fv2%2Fcomments&post=1433"}],"version-history":[{"count":10,"href":"http:\/\/parafiajeziorany.pl\/index.php?rest_route=\/wp\/v2\/pages\/1433\/revisions"}],"predecessor-version":[{"id":1598,"href":"http:\/\/parafiajeziorany.pl\/index.php?rest_route=\/wp\/v2\/pages\/1433\/revisions\/1598"}],"wp:attachment":[{"href":"http:\/\/parafiajeziorany.pl\/index.php?rest_route=%2Fwp%2Fv2%2Fmedia&parent=1433"}],"curies":[{"name":"wp","href":"https:\/\/api.w.org\/{rel}","templated":true}]}}