{"id":1511,"date":"2020-12-05T19:40:57","date_gmt":"2020-12-05T18:40:57","guid":{"rendered":"http:\/\/parafiajeziorany.pl\/?page_id=1511"},"modified":"2022-12-03T20:41:25","modified_gmt":"2022-12-03T19:41:25","slug":"piesni-adwentowe","status":"publish","type":"page","link":"http:\/\/parafiajeziorany.pl\/?page_id=1511","title":{"rendered":"Pie\u015bni Adwentowe"},"content":{"rendered":"\n<figure class=\"wp-block-embed is-type-video is-provider-youtube wp-block-embed-youtube wp-embed-aspect-16-9 wp-has-aspect-ratio\"><div class=\"wp-block-embed__wrapper\">\n<iframe loading=\"lazy\" title=\"Pie\u015bni adwentowe 2022 [#01] Marana tha\" width=\"525\" height=\"295\" src=\"https:\/\/www.youtube.com\/embed\/vBf_DQ_iVH0?start=111&#038;feature=oembed\" frameborder=\"0\" allow=\"accelerometer; autoplay; clipboard-write; encrypted-media; gyroscope; picture-in-picture; web-share\" referrerpolicy=\"strict-origin-when-cross-origin\" allowfullscreen><\/iframe>\n<\/div><figcaption><strong><mark style=\"background-color:rgba(0, 0, 0, 0)\" class=\"has-inline-color has-vivid-purple-color\">Marana tha<\/mark><\/strong><\/figcaption><\/figure>\n\n\n\n<figure class=\"wp-block-embed is-type-video is-provider-youtube wp-block-embed-youtube wp-embed-aspect-16-9 wp-has-aspect-ratio\"><div class=\"wp-block-embed__wrapper\">\n<iframe loading=\"lazy\" title=\"Pie\u015bni adwentowe 2022 [#02] W tym \u015bwi\u0119tym czasie oczekiwania\" width=\"525\" height=\"295\" src=\"https:\/\/www.youtube.com\/embed\/KLI6PefbXVc?start=20&#038;feature=oembed\" frameborder=\"0\" allow=\"accelerometer; autoplay; clipboard-write; encrypted-media; gyroscope; picture-in-picture; web-share\" referrerpolicy=\"strict-origin-when-cross-origin\" allowfullscreen><\/iframe>\n<\/div><figcaption><strong><mark style=\"background-color:rgba(0, 0, 0, 0)\" class=\"has-inline-color has-vivid-purple-color\">W tym \u015bwi\u0119tym czasie oczekiwania<\/mark><\/strong><\/figcaption><\/figure>\n\n\n\n<figure class=\"wp-block-embed is-type-video is-provider-youtube wp-block-embed-youtube wp-embed-aspect-16-9 wp-has-aspect-ratio\"><div class=\"wp-block-embed__wrapper\">\n<iframe loading=\"lazy\" title=\"Pie\u015bni adwentowe [#01] Nabierzcie ducha\" width=\"525\" height=\"295\" src=\"https:\/\/www.youtube.com\/embed\/M65xeFmXS1Q?start=85&#038;feature=oembed\" frameborder=\"0\" allow=\"accelerometer; autoplay; clipboard-write; encrypted-media; gyroscope; picture-in-picture; web-share\" referrerpolicy=\"strict-origin-when-cross-origin\" allowfullscreen><\/iframe>\n<\/div><figcaption><strong><span class=\"has-inline-color has-black-color\">Nabierzcie ducha<\/span><\/strong><\/figcaption><\/figure>\n\n\n\n<figure class=\"wp-block-embed is-type-video is-provider-youtube wp-block-embed-youtube wp-embed-aspect-16-9 wp-has-aspect-ratio\"><div class=\"wp-block-embed__wrapper\">\n<iframe loading=\"lazy\" title=\"Pie\u015bni adwentowe [#02] Najs\u0301wie\u0328tsza Dziewico\" width=\"525\" height=\"295\" src=\"https:\/\/www.youtube.com\/embed\/coNGny3So1w?start=85&#038;feature=oembed\" frameborder=\"0\" allow=\"accelerometer; autoplay; clipboard-write; encrypted-media; gyroscope; picture-in-picture; web-share\" referrerpolicy=\"strict-origin-when-cross-origin\" allowfullscreen><\/iframe>\n<\/div><figcaption><strong><span class=\"has-inline-color has-black-color\">Naj\u015bwi\u0119tsza Dziewico<\/span><\/strong><\/figcaption><\/figure>\n\n\n\n<figure class=\"wp-block-embed is-type-video is-provider-youtube wp-block-embed-youtube wp-embed-aspect-16-9 wp-has-aspect-ratio\"><div class=\"wp-block-embed__wrapper\">\n<iframe loading=\"lazy\" title=\"Pie\u015bni adwentowe [#03] Otw\u00f3rz si\u0119, niebo pokryte chmurami\" width=\"525\" height=\"295\" src=\"https:\/\/www.youtube.com\/embed\/55kkjeglI3o?start=10&#038;feature=oembed\" frameborder=\"0\" allow=\"accelerometer; autoplay; clipboard-write; encrypted-media; gyroscope; picture-in-picture; web-share\" referrerpolicy=\"strict-origin-when-cross-origin\" allowfullscreen><\/iframe>\n<\/div><figcaption><strong><span class=\"has-inline-color has-black-color\">Otw\u00f3rz si\u0119, niebo pokryte chmurami<\/span><\/strong><\/figcaption><\/figure>\n\n\n\n<figure class=\"wp-block-embed is-type-video is-provider-youtube wp-block-embed-youtube wp-embed-aspect-16-9 wp-has-aspect-ratio\"><div class=\"wp-block-embed__wrapper\">\n<iframe loading=\"lazy\" title=\"Pie\u015bni adwentowe [#04] Veni, veni Emmanuel\" width=\"525\" height=\"295\" src=\"https:\/\/www.youtube.com\/embed\/WhXht7k72Ms?feature=oembed\" frameborder=\"0\" allow=\"accelerometer; autoplay; clipboard-write; encrypted-media; gyroscope; picture-in-picture; web-share\" referrerpolicy=\"strict-origin-when-cross-origin\" allowfullscreen><\/iframe>\n<\/div><figcaption><strong><span class=\"has-inline-color has-black-color\">Veni, veni Emmanuel<\/span><\/strong><\/figcaption><\/figure>\n\n\n\n<figure class=\"wp-block-embed is-type-video is-provider-youtube wp-block-embed-youtube wp-embed-aspect-16-9 wp-has-aspect-ratio\"><div class=\"wp-block-embed__wrapper\">\n<iframe loading=\"lazy\" title=\"Pie\u015bni Adwentowe [#01] Niebiosa Ros\u0119\" width=\"525\" height=\"295\" src=\"https:\/\/www.youtube.com\/embed\/BHozgXfxyXY?feature=oembed\" frameborder=\"0\" allow=\"accelerometer; autoplay; clipboard-write; encrypted-media; gyroscope; picture-in-picture; web-share\" referrerpolicy=\"strict-origin-when-cross-origin\" allowfullscreen><\/iframe>\n<\/div><figcaption><strong><span class=\"has-inline-color has-black-color\">Niebiosa, ros\u0119 spu\u015b\u0107cie nam z g\u00f3ry<\/span><\/strong><\/figcaption><\/figure>\n\n\n\n<figure class=\"wp-block-embed is-type-video is-provider-youtube wp-block-embed-youtube wp-embed-aspect-4-3 wp-has-aspect-ratio\"><div class=\"wp-block-embed__wrapper\">\n<iframe loading=\"lazy\" title=\"Archanio\u0142 Bo\u017cy Gabriel\" width=\"525\" height=\"394\" src=\"https:\/\/www.youtube.com\/embed\/En22u3Eu44g?feature=oembed\" frameborder=\"0\" allow=\"accelerometer; autoplay; clipboard-write; encrypted-media; gyroscope; picture-in-picture; web-share\" referrerpolicy=\"strict-origin-when-cross-origin\" allowfullscreen><\/iframe>\n<\/div><figcaption><strong><span class=\"has-inline-color has-black-color\">Archanio\u0142 Bo\u017cy Gabriel<\/span><\/strong><\/figcaption><\/figure>\n\n\n\n<figure class=\"wp-block-embed is-type-video is-provider-youtube wp-block-embed-youtube wp-embed-aspect-4-3 wp-has-aspect-ratio\"><div class=\"wp-block-embed__wrapper\">\n<iframe loading=\"lazy\" title=\"Oto Pan B\u00f3g Przyjdzie\" width=\"525\" height=\"394\" src=\"https:\/\/www.youtube.com\/embed\/rX71eDvZnHw?feature=oembed\" frameborder=\"0\" allow=\"accelerometer; autoplay; clipboard-write; encrypted-media; gyroscope; picture-in-picture; web-share\" referrerpolicy=\"strict-origin-when-cross-origin\" allowfullscreen><\/iframe>\n<\/div><figcaption><strong><span class=\"has-inline-color has-black-color\">Oto Pan B\u00f3g przyjdzie<\/span><\/strong><\/figcaption><\/figure>\n\n\n\n<figure class=\"wp-block-embed is-type-video is-provider-youtube wp-block-embed-youtube wp-embed-aspect-4-3 wp-has-aspect-ratio\"><div class=\"wp-block-embed__wrapper\">\n<iframe loading=\"lazy\" title=\"Wody Jordanu\" width=\"525\" height=\"394\" src=\"https:\/\/www.youtube.com\/embed\/w-jD35lHCso?feature=oembed\" frameborder=\"0\" allow=\"accelerometer; autoplay; clipboard-write; encrypted-media; gyroscope; picture-in-picture; web-share\" referrerpolicy=\"strict-origin-when-cross-origin\" allowfullscreen><\/iframe>\n<\/div><figcaption><strong><span class=\"has-inline-color has-black-color\">Wody Jordanu<\/span><\/strong><\/figcaption><\/figure>\n\n\n\n<figure class=\"wp-block-embed is-type-video is-provider-youtube wp-block-embed-youtube wp-embed-aspect-4-3 wp-has-aspect-ratio\"><div class=\"wp-block-embed__wrapper\">\n<iframe loading=\"lazy\" title=\"W Tym \u015awi\u0119tym Czasie Oczekiwania\" width=\"525\" height=\"394\" src=\"https:\/\/www.youtube.com\/embed\/6nHlBKaiODo?feature=oembed\" frameborder=\"0\" allow=\"accelerometer; autoplay; clipboard-write; encrypted-media; gyroscope; picture-in-picture; web-share\" referrerpolicy=\"strict-origin-when-cross-origin\" allowfullscreen><\/iframe>\n<\/div><figcaption><strong><span class=\"has-inline-color has-black-color\">W tym \u015bwi\u0119tym czasie oczekiwania<\/span><\/strong><\/figcaption><\/figure>\n\n\n\n<figure class=\"wp-block-embed is-type-video is-provider-youtube wp-block-embed-youtube wp-embed-aspect-4-3 wp-has-aspect-ratio\"><div class=\"wp-block-embed__wrapper\">\n<iframe loading=\"lazy\" title=\"G\u0142os Wdzi\u0119czny\" width=\"525\" height=\"394\" src=\"https:\/\/www.youtube.com\/embed\/XOKxrbHi4qg?feature=oembed\" frameborder=\"0\" allow=\"accelerometer; autoplay; clipboard-write; encrypted-media; gyroscope; picture-in-picture; web-share\" referrerpolicy=\"strict-origin-when-cross-origin\" allowfullscreen><\/iframe>\n<\/div><figcaption><strong><span class=\"has-inline-color has-black-color\">G\u0142os wdzi\u0119czny<\/span><\/strong><\/figcaption><\/figure>\n","protected":false},"excerpt":{"rendered":"","protected":false},"author":2,"featured_media":0,"parent":0,"menu_order":0,"comment_status":"closed","ping_status":"closed","template":"","meta":{"footnotes":""},"class_list":["post-1511","page","type-page","status-publish","hentry"],"_links":{"self":[{"href":"http:\/\/parafiajeziorany.pl\/index.php?rest_route=\/wp\/v2\/pages\/1511","targetHints":{"allow":["GET"]}}],"collection":[{"href":"http:\/\/parafiajeziorany.pl\/index.php?rest_route=\/wp\/v2\/pages"}],"about":[{"href":"http:\/\/parafiajeziorany.pl\/index.php?rest_route=\/wp\/v2\/types\/page"}],"author":[{"embeddable":true,"href":"http:\/\/parafiajeziorany.pl\/index.php?rest_route=\/wp\/v2\/users\/2"}],"replies":[{"embeddable":true,"href":"http:\/\/parafiajeziorany.pl\/index.php?rest_route=%2Fwp%2Fv2%2Fcomments&post=1511"}],"version-history":[{"count":5,"href":"http:\/\/parafiajeziorany.pl\/index.php?rest_route=\/wp\/v2\/pages\/1511\/revisions"}],"predecessor-version":[{"id":2862,"href":"http:\/\/parafiajeziorany.pl\/index.php?rest_route=\/wp\/v2\/pages\/1511\/revisions\/2862"}],"wp:attachment":[{"href":"http:\/\/parafiajeziorany.pl\/index.php?rest_route=%2Fwp%2Fv2%2Fmedia&parent=1511"}],"curies":[{"name":"wp","href":"https:\/\/api.w.org\/{rel}","templated":true}]}}