{"id":1789,"date":"2021-03-13T16:17:32","date_gmt":"2021-03-13T15:17:32","guid":{"rendered":"http:\/\/parafiajeziorany.pl\/?page_id=1789"},"modified":"2022-04-09T20:38:11","modified_gmt":"2022-04-09T18:38:11","slug":"mlodziez","status":"publish","type":"page","link":"http:\/\/parafiajeziorany.pl\/?page_id=1789","title":{"rendered":"M\u0142odzie\u017c"},"content":{"rendered":"\n<figure class=\"wp-block-embed is-type-video is-provider-youtube wp-block-embed-youtube wp-embed-aspect-16-9 wp-has-aspect-ratio\"><div class=\"wp-block-embed__wrapper\">\n<iframe loading=\"lazy\" title=\"Spowied\u017a | The Confession [4K]\" width=\"525\" height=\"295\" src=\"https:\/\/www.youtube.com\/embed\/e_2NCOOCuDQ?start=20&#038;feature=oembed\" frameborder=\"0\" allow=\"accelerometer; autoplay; clipboard-write; encrypted-media; gyroscope; picture-in-picture; web-share\" referrerpolicy=\"strict-origin-when-cross-origin\" allowfullscreen><\/iframe>\n<\/div><\/figure>\n\n\n\n<figure class=\"wp-block-video\"><video controls src=\"http:\/\/parafiajeziorany.pl\/wp-content\/uploads\/2021\/03\/VID-20210316-WA0001-1.mp4\"><\/video><figcaption><strong><span style=\"color:#da4949\" class=\"has-inline-color\">B\u0105d\u017a taka, jak&#8230;<\/span><\/strong><\/figcaption><\/figure>\n\n\n\n<figure class=\"wp-block-embed is-type-video is-provider-youtube wp-block-embed-youtube wp-embed-aspect-16-9 wp-has-aspect-ratio\"><div class=\"wp-block-embed__wrapper\">\n<iframe loading=\"lazy\" title=\"Tau - \u015awi\u0119ta Tr\u00f3jca prod. soSpecial\" width=\"525\" height=\"295\" src=\"https:\/\/www.youtube.com\/embed\/bsu8i_GO2jg?feature=oembed\" frameborder=\"0\" allow=\"accelerometer; autoplay; clipboard-write; encrypted-media; gyroscope; picture-in-picture; web-share\" referrerpolicy=\"strict-origin-when-cross-origin\" allowfullscreen><\/iframe>\n<\/div><figcaption><strong><span class=\"has-inline-color has-vivid-cyan-blue-color\">TAU &#8211; \u015awi\u0119ta Tr\u00f3jca<\/span><\/strong><\/figcaption><\/figure>\n\n\n\n<figure class=\"wp-block-embed is-type-video is-provider-youtube wp-block-embed-youtube wp-embed-aspect-16-9 wp-has-aspect-ratio\"><div class=\"wp-block-embed__wrapper\">\n<iframe loading=\"lazy\" title=\"WT UWM 2021\" width=\"525\" height=\"295\" src=\"https:\/\/www.youtube.com\/embed\/ZPpLuFbpuLc?feature=oembed\" frameborder=\"0\" allow=\"accelerometer; autoplay; clipboard-write; encrypted-media; gyroscope; picture-in-picture; web-share\" referrerpolicy=\"strict-origin-when-cross-origin\" allowfullscreen><\/iframe>\n<\/div><\/figure>\n","protected":false},"excerpt":{"rendered":"","protected":false},"author":2,"featured_media":0,"parent":0,"menu_order":0,"comment_status":"closed","ping_status":"closed","template":"","meta":{"footnotes":""},"class_list":["post-1789","page","type-page","status-publish","hentry"],"_links":{"self":[{"href":"http:\/\/parafiajeziorany.pl\/index.php?rest_route=\/wp\/v2\/pages\/1789","targetHints":{"allow":["GET"]}}],"collection":[{"href":"http:\/\/parafiajeziorany.pl\/index.php?rest_route=\/wp\/v2\/pages"}],"about":[{"href":"http:\/\/parafiajeziorany.pl\/index.php?rest_route=\/wp\/v2\/types\/page"}],"author":[{"embeddable":true,"href":"http:\/\/parafiajeziorany.pl\/index.php?rest_route=\/wp\/v2\/users\/2"}],"replies":[{"embeddable":true,"href":"http:\/\/parafiajeziorany.pl\/index.php?rest_route=%2Fwp%2Fv2%2Fcomments&post=1789"}],"version-history":[{"count":15,"href":"http:\/\/parafiajeziorany.pl\/index.php?rest_route=\/wp\/v2\/pages\/1789\/revisions"}],"predecessor-version":[{"id":2510,"href":"http:\/\/parafiajeziorany.pl\/index.php?rest_route=\/wp\/v2\/pages\/1789\/revisions\/2510"}],"wp:attachment":[{"href":"http:\/\/parafiajeziorany.pl\/index.php?rest_route=%2Fwp%2Fv2%2Fmedia&parent=1789"}],"curies":[{"name":"wp","href":"https:\/\/api.w.org\/{rel}","templated":true}]}}