{"id":1798,"date":"2021-03-13T16:28:17","date_gmt":"2021-03-13T15:28:17","guid":{"rendered":"http:\/\/parafiajeziorany.pl\/?page_id=1798"},"modified":"2021-05-22T22:34:14","modified_gmt":"2021-05-22T20:34:14","slug":"boza-ekipa","status":"publish","type":"page","link":"http:\/\/parafiajeziorany.pl\/?page_id=1798","title":{"rendered":"Bo\u017ca Ekipa"},"content":{"rendered":"\n<figure class=\"wp-block-embed is-type-video is-provider-youtube wp-block-embed-youtube wp-embed-aspect-16-9 wp-has-aspect-ratio\"><div class=\"wp-block-embed__wrapper\">\n<iframe loading=\"lazy\" title=\"Wska\u017c drog\u0119 - reakcja na powo\u0142anie [odc. 3]\" width=\"525\" height=\"295\" src=\"https:\/\/www.youtube.com\/embed\/nVS0pGb2s1g?feature=oembed\" frameborder=\"0\" allow=\"accelerometer; autoplay; clipboard-write; encrypted-media; gyroscope; picture-in-picture; web-share\" referrerpolicy=\"strict-origin-when-cross-origin\" allowfullscreen><\/iframe>\n<\/div><figcaption><strong><span class=\"has-inline-color has-vivid-cyan-blue-color\">Wska\u017c drog\u0119 3<\/span><\/strong><\/figcaption><\/figure>\n\n\n\n<figure class=\"wp-block-embed is-type-video is-provider-youtube wp-block-embed-youtube wp-embed-aspect-16-9 wp-has-aspect-ratio\"><div class=\"wp-block-embed__wrapper\">\n<iframe loading=\"lazy\" title=\"Wska\u017c drog\u0119 - Rozeznanie powo\u0142ania [odc. 2]\" width=\"525\" height=\"295\" src=\"https:\/\/www.youtube.com\/embed\/Ne7W18vaTgE?feature=oembed\" frameborder=\"0\" allow=\"accelerometer; autoplay; clipboard-write; encrypted-media; gyroscope; picture-in-picture; web-share\" referrerpolicy=\"strict-origin-when-cross-origin\" allowfullscreen><\/iframe>\n<\/div><figcaption><strong><span class=\"has-inline-color has-vivid-cyan-blue-color\">Wska\u017c drog\u0119 2<\/span><\/strong><\/figcaption><\/figure>\n\n\n\n<figure class=\"wp-block-embed is-type-video is-provider-youtube wp-block-embed-youtube wp-embed-aspect-16-9 wp-has-aspect-ratio\"><div class=\"wp-block-embed__wrapper\">\n<iframe loading=\"lazy\" title=\"Wska\u017c drog\u0119 - G\u0141OS BOGA [odc. 1]\" width=\"525\" height=\"295\" src=\"https:\/\/www.youtube.com\/embed\/ODgawcZXrFk?feature=oembed\" frameborder=\"0\" allow=\"accelerometer; autoplay; clipboard-write; encrypted-media; gyroscope; picture-in-picture; web-share\" referrerpolicy=\"strict-origin-when-cross-origin\" allowfullscreen><\/iframe>\n<\/div><figcaption><strong><span class=\"has-inline-color has-vivid-cyan-blue-color\">Wska\u017c drog\u0119 1<\/span><\/strong><\/figcaption><\/figure>\n\n\n\n<figure class=\"wp-block-embed is-type-video is-provider-youtube wp-block-embed-youtube wp-embed-aspect-16-9 wp-has-aspect-ratio\"><div class=\"wp-block-embed__wrapper\">\n<iframe loading=\"lazy\" title=\"\u015aw. Ludwik Maria Grignion de Montfort - Niewolnik Maryi [odc. 24]\" width=\"525\" height=\"295\" src=\"https:\/\/www.youtube.com\/embed\/D1hhI8UEDVM?feature=oembed\" frameborder=\"0\" allow=\"accelerometer; autoplay; clipboard-write; encrypted-media; gyroscope; picture-in-picture; web-share\" referrerpolicy=\"strict-origin-when-cross-origin\" allowfullscreen><\/iframe>\n<\/div><figcaption><strong><span class=\"has-inline-color has-luminous-vivid-amber-color\">\u015aw. Ludwik Grignon de Montfort<\/span><\/strong><\/figcaption><\/figure>\n\n\n\n<figure class=\"wp-block-embed is-type-video is-provider-youtube wp-block-embed-youtube wp-embed-aspect-16-9 wp-has-aspect-ratio\"><div class=\"wp-block-embed__wrapper\">\n<iframe loading=\"lazy\" title=\"Zwiastowanie Pa\u0144skie - Dzie\u0144 \u015awi\u0119to\u015bci \u017bycia [odc. 21]\" width=\"525\" height=\"295\" src=\"https:\/\/www.youtube.com\/embed\/hOjPhwFvSqQ?feature=oembed\" frameborder=\"0\" allow=\"accelerometer; autoplay; clipboard-write; encrypted-media; gyroscope; picture-in-picture; web-share\" referrerpolicy=\"strict-origin-when-cross-origin\" allowfullscreen><\/iframe>\n<\/div><figcaption><strong><span class=\"has-inline-color has-luminous-vivid-amber-color\">Zwiastowanie Pa\u0144skie<\/span><\/strong><\/figcaption><\/figure>\n\n\n\n<figure class=\"wp-block-embed is-type-video is-provider-youtube wp-block-embed-youtube wp-embed-aspect-16-9 wp-has-aspect-ratio\"><div class=\"wp-block-embed__wrapper\">\n<iframe loading=\"lazy\" title=\"\u015aw. J\u00f3zef - Patron Ko\u015bcio\u0142a [odc. 20]\" width=\"525\" height=\"295\" src=\"https:\/\/www.youtube.com\/embed\/oA2lZY_d7Rc?feature=oembed\" frameborder=\"0\" allow=\"accelerometer; autoplay; clipboard-write; encrypted-media; gyroscope; picture-in-picture; web-share\" referrerpolicy=\"strict-origin-when-cross-origin\" allowfullscreen><\/iframe>\n<\/div><figcaption><strong><span class=\"has-inline-color has-pale-cyan-blue-color\">\u015aw. J\u00f3zef<\/span><\/strong><\/figcaption><\/figure>\n\n\n\n<figure class=\"wp-block-embed is-type-video is-provider-youtube wp-block-embed-youtube wp-embed-aspect-16-9 wp-has-aspect-ratio\"><div class=\"wp-block-embed__wrapper\">\n<iframe loading=\"lazy\" title=\"\u015awi\u0119te Niewiasty - Dzie\u0144 Kobiet [odc. 17]\" width=\"525\" height=\"295\" src=\"https:\/\/www.youtube.com\/embed\/ZHVQWoYMkU8?feature=oembed\" frameborder=\"0\" allow=\"accelerometer; autoplay; clipboard-write; encrypted-media; gyroscope; picture-in-picture; web-share\" referrerpolicy=\"strict-origin-when-cross-origin\" allowfullscreen><\/iframe>\n<\/div><figcaption><strong><span class=\"has-inline-color has-pale-pink-color\">\u015awi\u0119te Niewiasty<\/span><\/strong><\/figcaption><\/figure>\n","protected":false},"excerpt":{"rendered":"","protected":false},"author":2,"featured_media":0,"parent":0,"menu_order":0,"comment_status":"closed","ping_status":"closed","template":"","meta":{"footnotes":""},"class_list":["post-1798","page","type-page","status-publish","hentry"],"_links":{"self":[{"href":"http:\/\/parafiajeziorany.pl\/index.php?rest_route=\/wp\/v2\/pages\/1798","targetHints":{"allow":["GET"]}}],"collection":[{"href":"http:\/\/parafiajeziorany.pl\/index.php?rest_route=\/wp\/v2\/pages"}],"about":[{"href":"http:\/\/parafiajeziorany.pl\/index.php?rest_route=\/wp\/v2\/types\/page"}],"author":[{"embeddable":true,"href":"http:\/\/parafiajeziorany.pl\/index.php?rest_route=\/wp\/v2\/users\/2"}],"replies":[{"embeddable":true,"href":"http:\/\/parafiajeziorany.pl\/index.php?rest_route=%2Fwp%2Fv2%2Fcomments&post=1798"}],"version-history":[{"count":4,"href":"http:\/\/parafiajeziorany.pl\/index.php?rest_route=\/wp\/v2\/pages\/1798\/revisions"}],"predecessor-version":[{"id":1980,"href":"http:\/\/parafiajeziorany.pl\/index.php?rest_route=\/wp\/v2\/pages\/1798\/revisions\/1980"}],"wp:attachment":[{"href":"http:\/\/parafiajeziorany.pl\/index.php?rest_route=%2Fwp%2Fv2%2Fmedia&parent=1798"}],"curies":[{"name":"wp","href":"https:\/\/api.w.org\/{rel}","templated":true}]}}