{"id":63,"date":"2019-08-12T14:39:50","date_gmt":"2019-08-12T12:39:50","guid":{"rendered":"http:\/\/parafiajeziorany.pl\/?page_id=63"},"modified":"2019-09-21T18:29:48","modified_gmt":"2019-09-21T16:29:48","slug":"historia","status":"publish","type":"page","link":"http:\/\/parafiajeziorany.pl\/?page_id=63","title":{"rendered":"Historia"},"content":{"rendered":"<p>Ko\u015bci\u00f3\u0142 parafialny \u015bw. Bart\u0142omieja, uposa\u017cony w dekrecie lokacyjnym miasta wybudowany zosta\u0142 w 1345 r. przez biskupa Hermana z Pragi. Obecnie istniej\u0105cy\u00a0 ko\u015bci\u00f3\u0142, zosta\u0142 postawiony w latach 1380-1390.<\/p>\n<p>Jest to ko\u015bci\u00f3\u0142 gotycki, orientowany, murowany z ceg\u0142y o polskim uk\u0142adzie, na niskim podmurowaniu z kamieni polnych, tr\u00f3jnawowy, pi\u0119cioprz\u0119s\u0142owy, halowy z pi\u0119trow\u0105 zakrystia od p\u00f3\u0142nocy, krucht\u0105 od p\u0142d. z kwadratow\u0105 wie\u017c\u0105 od zachodu prawie ca\u0142kowicie wci\u0105gni\u0119t\u0105\u00a0 w obr\u0119b korpusu. W 1912 r. korpus przed\u0142u\u017cono o dwa prz\u0119s\u0142a ku wschodowi i dobudowan\u0105 now\u0105\u00a0 zakrysti\u0119 i krucht\u0119, oraz g\u00f3rn\u0105 cz\u0119\u015b\u0107 wie\u017cy ze szczytami.<\/p>\n<p>Sklepienie gwie\u017adziste, w nawie g\u0142\u00f3wnej szesnasto-polowe, w bocznych pi\u0119ciopolowe, wsparte na o\u015bmiobocznych filarach. Arkady mi\u0119dzynawowe ostros\u0142upowe, o obustronnie profilowanych pod\u0142uczach. Profile \u017ceber gruszkowe. Wsporniki trapezowe. W nawie g\u0142\u00f3wnej i bocznych zworniki drewniane, dekoracyjne z wyobra\u017ceniami Salwatora, symboli Ewangelist\u00f3w i doktor\u00f3w Ko\u015bcio\u0142a i trzech cn\u00f3t sprawiedliwo\u015bci oraz z herbem Batorych. \u00a0\u00a0\u00a0\u00a0\u00a0\u00a0\u00a0\u00a0\u00a0\u00a0\u00a0\u00a0\u00a0\u00a0\u00a0\u00a0\u00a0\u00a0\u00a0\u00a0\u00a0\u00a0\u00a0\u00a0\u00a0\u00a0\u00a0\u00a0\u00a0\u00a0\u00a0\u00a0\u00a0\u00a0\u00a0\u00a0\u00a0\u00a0\u00a0\u00a0\u00a0\u00a0\u00a0\u00a0\u00a0\u00a0\u00a0\u00a0\u00a0\u00a0\u00a0\u00a0\u00a0\u00a0\u00a0\u00a0\u00a0\u00a0\u00a0\u00a0\u00a0\u00a0\u00a0\u00a0\u00a0\u00a0\u00a0\u00a0\u00a0\u00a0\u00a0\u00a0\u00a0\u00a0\u00a0\u00a0\u00a0\u00a0\u00a0\u00a0\u00a0\u00a0\u00a0\u00a0\u00a0\u00a0\u00a0\u00a0\u00a0\u00a0\u00a0\u00a0\u00a0<\/p>\n<p>Remont ko\u015bcio\u0142a przeprowadzono w latach 1989-92 przez g\u00f3rali z Kacwina k\/Nowego Targu, za\u015b malowanie ko\u015bcio\u0142a wykona\u0142a ekipa\u00a0 z Paszyna k\/Nowego S\u0105cza\u00a0 na czele z bratem ksi\u0119dza dziekana. \u00a0<\/p>\n<p>Wielki o\u0142tarz\u00a0 pochodzi z 1734 r. konsekrowany 16 pa\u017adziernika 1752 r. przez\u00a0Biskupa Adama Stanis\u0142awa Grabowskiego. Konserwacj\u0119 o\u0142tarza g\u0142\u00f3wnego i bocznych o\u0142tarzy przeprowadzono w latach 2005-2010. \/Zabytek\u00a0 arch. sakr. grupy II\/<\/p>\n<p>Odpust 24 sierpnia w \u015bwi\u0119to\u00a0 patronalne \u015bw. Bart\u0142omieja.<\/p>\n<p>\u00a0<\/p>\n\n\n<figure class=\"wp-block-image\"><img decoding=\"async\" src=\"blob:http:\/\/parafiajeziorany.pl\/dd10880e-b296-4976-989a-95dbe99125ed\" alt=\"\"\/><\/figure>\n","protected":false},"excerpt":{"rendered":"<p>Ko\u015bci\u00f3\u0142 parafialny \u015bw. Bart\u0142omieja, uposa\u017cony w dekrecie lokacyjnym miasta wybudowany zosta\u0142 w 1345 r. przez biskupa Hermana z Pragi. Obecnie istniej\u0105cy\u00a0 ko\u015bci\u00f3\u0142, zosta\u0142 postawiony w latach 1380-1390. Jest to ko\u015bci\u00f3\u0142 gotycki, orientowany, murowany z ceg\u0142y o polskim uk\u0142adzie, na niskim podmurowaniu z kamieni polnych, tr\u00f3jnawowy, pi\u0119cioprz\u0119s\u0142owy, halowy z pi\u0119trow\u0105 zakrystia od p\u00f3\u0142nocy, krucht\u0105 od p\u0142d. &hellip; <\/p>\n<p class=\"link-more\"><a href=\"http:\/\/parafiajeziorany.pl\/?page_id=63\" class=\"more-link\">Czytaj dalej<span class=\"screen-reader-text\"> \u201eHistoria\u201d<\/span><\/a><\/p>\n","protected":false},"author":1,"featured_media":0,"parent":0,"menu_order":0,"comment_status":"closed","ping_status":"closed","template":"","meta":{"footnotes":""},"class_list":["post-63","page","type-page","status-publish","hentry"],"_links":{"self":[{"href":"http:\/\/parafiajeziorany.pl\/index.php?rest_route=\/wp\/v2\/pages\/63","targetHints":{"allow":["GET"]}}],"collection":[{"href":"http:\/\/parafiajeziorany.pl\/index.php?rest_route=\/wp\/v2\/pages"}],"about":[{"href":"http:\/\/parafiajeziorany.pl\/index.php?rest_route=\/wp\/v2\/types\/page"}],"author":[{"embeddable":true,"href":"http:\/\/parafiajeziorany.pl\/index.php?rest_route=\/wp\/v2\/users\/1"}],"replies":[{"embeddable":true,"href":"http:\/\/parafiajeziorany.pl\/index.php?rest_route=%2Fwp%2Fv2%2Fcomments&post=63"}],"version-history":[{"count":4,"href":"http:\/\/parafiajeziorany.pl\/index.php?rest_route=\/wp\/v2\/pages\/63\/revisions"}],"predecessor-version":[{"id":176,"href":"http:\/\/parafiajeziorany.pl\/index.php?rest_route=\/wp\/v2\/pages\/63\/revisions\/176"}],"wp:attachment":[{"href":"http:\/\/parafiajeziorany.pl\/index.php?rest_route=%2Fwp%2Fv2%2Fmedia&parent=63"}],"curies":[{"name":"wp","href":"https:\/\/api.w.org\/{rel}","templated":true}]}}