{"id":813,"date":"2020-04-10T16:35:18","date_gmt":"2020-04-10T14:35:18","guid":{"rendered":"http:\/\/parafiajeziorany.pl\/?page_id=813"},"modified":"2026-04-23T15:18:05","modified_gmt":"2026-04-23T13:18:05","slug":"stary-testament","status":"publish","type":"page","link":"http:\/\/parafiajeziorany.pl\/?page_id=813","title":{"rendered":"Stary Testament"},"content":{"rendered":"\n<h6 class=\"wp-block-heading has-vivid-red-color has-text-color\">Ksi\u0119ga Rodzaju &#8211; <a href=\"https:\/\/www.youtube.com\/watch?v=s3Dkv7WxKpg\">https:\/\/www.youtube.com\/watch?v=s3Dkv7WxKpg<\/a><\/h6>\n\n\n\n<h6 class=\"wp-block-heading has-vivid-red-color has-text-color\">Ksi\u0119ga Wyj\u015bcia &#8211; <a href=\"https:\/\/www.youtube.com\/watch?v=euMh8Wy9Kok&amp;list=PLSHbjpdx8T0e_uSJD9-wEx2A9uDKZAZsd&amp;index=2\">https:\/\/www.youtube.com\/watch?v=euMh8Wy9Kok&amp;list=PLSHbjpdx8T0e_uSJD9-wEx2A9uDKZAZsd&amp;index=2<\/a><\/h6>\n\n\n\n<h6 class=\"wp-block-heading has-vivid-red-color has-text-color\">Ksi\u0119ga Kap\u0142a\u0144ska &#8211; <a href=\"https:\/\/www.youtube.com\/watch?v=lzV6Y9JaKmY&amp;list=PLSHbjpdx8T0e_uSJD9-wEx2A9uDKZAZsd&amp;index=3\">https:\/\/www.youtube.com\/watch?v=lzV6Y9JaKmY&amp;list=PLSHbjpdx8T0e_uSJD9-wEx2A9uDKZAZsd&amp;index=3<\/a><\/h6>\n\n\n\n<h6 class=\"wp-block-heading has-vivid-red-color has-text-color\">Ksi\u0119ga Liczb &#8211; <a href=\"https:\/\/www.youtube.com\/watch?v=IvuhnVleXUs&amp;list=PLSHbjpdx8T0e_uSJD9-wEx2A9uDKZAZsd&amp;index=4\">https:\/\/www.youtube.com\/watch?v=IvuhnVleXUs&amp;list=PLSHbjpdx8T0e_uSJD9-wEx2A9uDKZAZsd&amp;index=4<\/a><\/h6>\n\n\n\n<h6 class=\"wp-block-heading has-vivid-red-color has-text-color\">Ksi\u0119ga Powt\u00f3rzonego Prawa &#8211; <a href=\"https:\/\/www.youtube.com\/watch?v=AoWmV1aMef0&amp;list=PLSHbjpdx8T0e_uSJD9-wEx2A9uDKZAZsd&amp;index=5\">https:\/\/www.youtube.com\/watch?v=AoWmV1aMef0&amp;list=PLSHbjpdx8T0e_uSJD9-wEx2A9uDKZAZsd&amp;index=5<\/a><\/h6>\n\n\n\n<h6 class=\"wp-block-heading has-vivid-red-color has-text-color\">Ksi\u0119ga Jozuego &#8211; <a href=\"https:\/\/www.youtube.com\/watch?v=zg979GsB9RI&amp;list=PLSHbjpdx8T0e_uSJD9-wEx2A9uDKZAZsd&amp;index=6\">https:\/\/www.youtube.com\/watch?v=zg979GsB9RI&amp;list=PLSHbjpdx8T0e_uSJD9-wEx2A9uDKZAZsd&amp;index=6<\/a><\/h6>\n\n\n\n<h6 class=\"wp-block-heading has-vivid-red-color has-text-color\">Ksi\u0119ga S\u0119dzi\u00f3w &#8211; <a href=\"https:\/\/www.youtube.com\/watch?v=Ros80WOzmC8&amp;list=PLSHbjpdx8T0e_uSJD9-wEx2A9uDKZAZsd&amp;index=7\">https:\/\/www.youtube.com\/watch?v=Ros80WOzmC8&amp;list=PLSHbjpdx8T0e_uSJD9-wEx2A9uDKZAZsd&amp;index=7<\/a><\/h6>\n\n\n\n<h6 class=\"wp-block-heading has-vivid-red-color has-text-color\">Ksi\u0119ga Rut &#8211; <a href=\"https:\/\/www.youtube.com\/watch?v=DgC5W1eyTXQ&amp;list=PLSHbjpdx8T0e_uSJD9-wEx2A9uDKZAZsd&amp;index=8\">https:\/\/www.youtube.com\/watch?v=DgC5W1eyTXQ&amp;list=PLSHbjpdx8T0e_uSJD9-wEx2A9uDKZAZsd&amp;index=8<\/a><\/h6>\n\n\n\n<h6 class=\"wp-block-heading has-vivid-red-color has-text-color\">I Ksi\u0119ga Samuela &#8211; <a href=\"https:\/\/www.youtube.com\/watch?v=pVAAYU7BABc&amp;list=PLSHbjpdx8T0e_uSJD9-wEx2A9uDKZAZsd&amp;index=9\">https:\/\/www.youtube.com\/watch?v=pVAAYU7BABc&amp;list=PLSHbjpdx8T0e_uSJD9-wEx2A9uDKZAZsd&amp;index=9<\/a><\/h6>\n\n\n\n<h6 class=\"wp-block-heading has-vivid-red-color has-text-color\">II Ksi\u0119ga Samuela &#8211; <a href=\"https:\/\/www.youtube.com\/watch?v=8SG9AiMbdMk&amp;list=PLSHbjpdx8T0e_uSJD9-wEx2A9uDKZAZsd&amp;index=10\">https:\/\/www.youtube.com\/watch?v=8SG9AiMbdMk&amp;list=PLSHbjpdx8T0e_uSJD9-wEx2A9uDKZAZsd&amp;index=10<\/a><\/h6>\n\n\n\n<h6 class=\"wp-block-heading has-vivid-red-color has-text-color\">I Ksi\u0119ga Kronik &#8211; <a href=\"https:\/\/www.youtube.com\/watch?v=vlh98N-l5Mw&amp;list=PLSHbjpdx8T0e_uSJD9-wEx2A9uDKZAZsd&amp;index=13\">https:\/\/www.youtube.com\/watch?v=vlh98N-l5Mw&amp;list=PLSHbjpdx8T0e_uSJD9-wEx2A9uDKZAZsd&amp;index=13<\/a><\/h6>\n\n\n\n<h6 class=\"wp-block-heading has-vivid-red-color has-text-color\">II Ksi\u0119ga Kronik &#8211; <a href=\"https:\/\/www.youtube.com\/watch?v=zjdxZUk3CBg&amp;list=PLSHbjpdx8T0e_uSJD9-wEx2A9uDKZAZsd&amp;index=14\">https:\/\/www.youtube.com\/watch?v=zjdxZUk3CBg&amp;list=PLSHbjpdx8T0e_uSJD9-wEx2A9uDKZAZsd&amp;index=14<\/a><\/h6>\n\n\n\n<h6 class=\"wp-block-heading has-vivid-red-color has-text-color\">Ksi\u0119ga Ezdrasza &#8211; <a href=\"https:\/\/www.youtube.com\/watch?v=TR0TgNHwWr4&amp;list=PLSHbjpdx8T0e_uSJD9-wEx2A9uDKZAZsd&amp;index=15\">https:\/\/www.youtube.com\/watch?v=TR0TgNHwWr4&amp;list=PLSHbjpdx8T0e_uSJD9-wEx2A9uDKZAZsd&amp;index=15<\/a><\/h6>\n\n\n\n<h6 class=\"wp-block-heading has-vivid-red-color has-text-color\">Ksi\u0119ga Nehemiasza &#8211; <a href=\"https:\/\/www.youtube.com\/watch?v=llZzxH0wpxo&amp;list=PLSHbjpdx8T0e_uSJD9-wEx2A9uDKZAZsd&amp;index=16\">https:\/\/www.youtube.com\/watch?v=llZzxH0wpxo&amp;list=PLSHbjpdx8T0e_uSJD9-wEx2A9uDKZAZsd&amp;index=16<\/a><\/h6>\n\n\n\n<h6 class=\"wp-block-heading has-vivid-red-color has-text-color\">Ksi\u0119ga Tobiasza &#8211; <a href=\"https:\/\/www.youtube.com\/watch?v=A9iFOoIUcvI&amp;list=PLSHbjpdx8T0e_uSJD9-wEx2A9uDKZAZsd&amp;index=17\">https:\/\/www.youtube.com\/watch?v=A9iFOoIUcvI&amp;list=PLSHbjpdx8T0e_uSJD9-wEx2A9uDKZAZsd&amp;index=17<\/a><\/h6>\n\n\n\n<h6 class=\"wp-block-heading has-vivid-red-color has-text-color\">Ksi\u0119ga Judyty &#8211; <a href=\"https:\/\/www.youtube.com\/watch?v=nbRmc5Y0674&amp;list=PLSHbjpdx8T0e_uSJD9-wEx2A9uDKZAZsd&amp;index=18\">https:\/\/www.youtube.com\/watch?v=nbRmc5Y0674&amp;list=PLSHbjpdx8T0e_uSJD9-wEx2A9uDKZAZsd&amp;index=18<\/a><\/h6>\n\n\n\n<h6 class=\"wp-block-heading has-vivid-red-color has-text-color\">Ksi\u0119ga Estery &#8211; <a href=\"https:\/\/www.youtube.com\/watch?v=OjUXVFB09jk&amp;list=PLSHbjpdx8T0e_uSJD9-wEx2A9uDKZAZsd&amp;index=19\">https:\/\/www.youtube.com\/watch?v=OjUXVFB09jk&amp;list=PLSHbjpdx8T0e_uSJD9-wEx2A9uDKZAZsd&amp;index=19<\/a><\/h6>\n\n\n\n<h6 class=\"wp-block-heading has-vivid-red-color has-text-color\">II Ksi\u0119ga Machabejska &#8211; <a href=\"https:\/\/www.youtube.com\/watch?v=pdHyPE3rebI&amp;list=PLSHbjpdx8T0e_uSJD9-wEx2A9uDKZAZsd&amp;index=21\">https:\/\/www.youtube.com\/watch?v=pdHyPE3rebI&amp;list=PLSHbjpdx8T0e_uSJD9-wEx2A9uDKZAZsd&amp;index=21<\/a><\/h6>\n\n\n\n<h6 class=\"wp-block-heading has-vivid-red-color has-text-color\">Ksi\u0119ga Hioba &#8211; <a href=\"https:\/\/www.youtube.com\/watch?v=K6qfCCed86Q&amp;list=PLSHbjpdx8T0e_uSJD9-wEx2A9uDKZAZsd&amp;index=22\">https:\/\/www.youtube.com\/watch?v=K6qfCCed86Q&amp;list=PLSHbjpdx8T0e_uSJD9-wEx2A9uDKZAZsd&amp;index=22<\/a><\/h6>\n\n\n\n<h6 class=\"wp-block-heading has-vivid-red-color has-text-color\">Ksi\u0119ga Psalm\u00f3w &#8211; <a href=\"https:\/\/www.youtube.com\/watch?v=icuvc9g1cnU\">https:\/\/www.youtube.com\/watch?v=icuvc9g1cnU<\/a><\/h6>\n\n\n\n<h6 class=\"wp-block-heading has-vivid-red-color has-text-color\">Ksi\u0119ga Przys\u0142\u00f3w &#8211; <a href=\"https:\/\/www.youtube.com\/watch?v=s2fcdY7MvCs&amp;list=PLSHbjpdx8T0e_uSJD9-wEx2A9uDKZAZsd&amp;index=24\">https:\/\/www.youtube.com\/watch?v=s2fcdY7MvCs&amp;list=PLSHbjpdx8T0e_uSJD9-wEx2A9uDKZAZsd&amp;index=24<\/a><\/h6>\n\n\n\n<h6 class=\"wp-block-heading has-vivid-red-color has-text-color\">Ksi\u0119ga Koheleta &#8211; <a href=\"https:\/\/www.youtube.com\/watch?v=TzSgHcq2gsE\">https:\/\/www.youtube.com\/watch?v=TzSgHcq2gsE<\/a><\/h6>\n\n\n\n<h6 class=\"wp-block-heading has-vivid-red-color has-text-color\">Pie\u015b\u0144 na pie\u015bniami &#8211; <a href=\"https:\/\/www.youtube.com\/watch?v=PPi3-SYg_VU&amp;list=PLSHbjpdx8T0e_uSJD9-wEx2A9uDKZAZsd&amp;index=26\">https:\/\/www.youtube.com\/watch?v=PPi3-SYg_VU&amp;list=PLSHbjpdx8T0e_uSJD9-wEx2A9uDKZAZsd&amp;index=26<\/a><\/h6>\n\n\n\n<h6 class=\"wp-block-heading has-vivid-red-color has-text-color\">Ksi\u0119ga M\u0105dro\u015bci &#8211; <a href=\"https:\/\/www.youtube.com\/watch?v=WTYVV5EDIeE&amp;list=PLSHbjpdx8T0e_uSJD9-wEx2A9uDKZAZsd&amp;index=27\">https:\/\/www.youtube.com\/watch?v=WTYVV5EDIeE&amp;list=PLSHbjpdx8T0e_uSJD9-wEx2A9uDKZAZsd&amp;index=27<\/a><\/h6>\n\n\n\n<h6 class=\"wp-block-heading has-vivid-red-color has-text-color\">M\u0105dro\u015b\u0107 Syracha &#8211; <a href=\"https:\/\/www.youtube.com\/watch?v=rhlGviRnJ7k&amp;list=PLSHbjpdx8T0e_uSJD9-wEx2A9uDKZAZsd&amp;index=28\">https:\/\/www.youtube.com\/watch?v=rhlGviRnJ7k&amp;list=PLSHbjpdx8T0e_uSJD9-wEx2A9uDKZAZsd&amp;index=28<\/a><\/h6>\n\n\n\n<h6 class=\"wp-block-heading has-vivid-red-color has-text-color\">Ksi\u0119ga Izajasza &#8211; <a href=\"https:\/\/www.youtube.com\/watch?v=iU4tgtEs11A&amp;list=PLSHbjpdx8T0e_uSJD9-wEx2A9uDKZAZsd&amp;index=29\">https:\/\/www.youtube.com\/watch?v=iU4tgtEs11A&amp;list=PLSHbjpdx8T0e_uSJD9-wEx2A9uDKZAZsd&amp;index=29<\/a><\/h6>\n\n\n\n<h6 class=\"wp-block-heading has-vivid-red-color has-text-color\">Ksi\u0119ga Jeremiasza &#8211; <a href=\"https:\/\/www.youtube.com\/watch?v=TzSgHcq2gsE\">https:\/\/www.youtube.com\/watch?v=TzSgHcq2gsE<\/a><\/h6>\n\n\n\n<h6 class=\"wp-block-heading has-vivid-red-color has-text-color\">Ksi\u0119ga Daniela &#8211; <a href=\"https:\/\/www.youtube.com\/watch?v=anhQsCfZ9E0&amp;list=PLSHbjpdx8T0e_uSJD9-wEx2A9uDKZAZsd&amp;index=34\">https:\/\/www.youtube.com\/watch?v=anhQsCfZ9E0&amp;list=PLSHbjpdx8T0e_uSJD9-wEx2A9uDKZAZsd&amp;index=34<\/a><\/h6>\n\n\n\n<h6 class=\"wp-block-heading has-vivid-red-color has-text-color\">Ksi\u0119ga Ozeasza &#8211; <a href=\"https:\/\/www.youtube.com\/watch?v=MtxF1kSAyRI&amp;list=PLSHbjpdx8T0e_uSJD9-wEx2A9uDKZAZsd&amp;index=35\">https:\/\/www.youtube.com\/watch?v=MtxF1kSAyRI&amp;list=PLSHbjpdx8T0e_uSJD9-wEx2A9uDKZAZsd&amp;index=35<\/a><\/h6>\n\n\n\n<h6 class=\"wp-block-heading has-vivid-red-color has-text-color\">Ksi\u0119ga Joela &#8211; <a href=\"https:\/\/www.youtube.com\/watch?v=DTtUejGjhZk&amp;list=PLSHbjpdx8T0e_uSJD9-wEx2A9uDKZAZsd&amp;index=36\">https:\/\/www.youtube.com\/watch?v=DTtUejGjhZk&amp;list=PLSHbjpdx8T0e_uSJD9-wEx2A9uDKZAZsd&amp;index=36<\/a><\/h6>\n\n\n\n<h6 class=\"wp-block-heading has-vivid-red-color has-text-color\">Ksi\u0119ga Amosa &#8211; <a href=\"https:\/\/www.youtube.com\/watch?v=RcBnIVGWOko&amp;list=PLSHbjpdx8T0e_uSJD9-wEx2A9uDKZAZsd&amp;index=37\">https:\/\/www.youtube.com\/watch?v=RcBnIVGWOko&amp;list=PLSHbjpdx8T0e_uSJD9-wEx2A9uDKZAZsd&amp;index=37<\/a><\/h6>\n\n\n\n<h6 class=\"wp-block-heading has-vivid-red-color has-text-color\">Ksi\u0119ga Abdiasza &#8211; <a href=\"https:\/\/www.youtube.com\/watch?v=0IRJI5suii0&amp;list=PLSHbjpdx8T0e_uSJD9-wEx2A9uDKZAZsd&amp;index=38\">https:\/\/www.youtube.com\/watch?v=0IRJI5suii0&amp;list=PLSHbjpdx8T0e_uSJD9-wEx2A9uDKZAZsd&amp;index=38<\/a><\/h6>\n\n\n\n<h6 class=\"wp-block-heading has-vivid-red-color has-text-color\">Ksi\u0119ga Jonasza &#8211; <a href=\"https:\/\/www.youtube.com\/watch?v=dQanC02PUjQ&amp;list=PLSHbjpdx8T0e_uSJD9-wEx2A9uDKZAZsd&amp;index=39\">https:\/\/www.youtube.com\/watch?v=dQanC02PUjQ&amp;list=PLSHbjpdx8T0e_uSJD9-wEx2A9uDKZAZsd&amp;index=39<\/a><\/h6>\n\n\n\n<h6 class=\"wp-block-heading has-vivid-red-color has-text-color\">Ksi\u0119ga Micheasza &#8211; <a href=\"https:\/\/www.youtube.com\/watch?v=LEYnriCawiM&amp;list=PLSHbjpdx8T0e_uSJD9-wEx2A9uDKZAZsd&amp;index=40\">https:\/\/www.youtube.com\/watch?v=LEYnriCawiM&amp;list=PLSHbjpdx8T0e_uSJD9-wEx2A9uDKZAZsd&amp;index=40<\/a><\/h6>\n\n\n\n<h6 class=\"wp-block-heading has-vivid-red-color has-text-color\">Ksi\u0119ga Nahuma &#8211; <a href=\"https:\/\/www.youtube.com\/watch?v=xR9crizZggI&amp;list=PLSHbjpdx8T0e_uSJD9-wEx2A9uDKZAZsd&amp;index=41\">https:\/\/www.youtube.com\/watch?v=xR9crizZggI&amp;list=PLSHbjpdx8T0e_uSJD9-wEx2A9uDKZAZsd&amp;index=41<\/a><\/h6>\n\n\n\n<h6 class=\"wp-block-heading has-vivid-red-color has-text-color\">Ksi\u0119ga Habakuka &#8211; <a href=\"https:\/\/www.youtube.com\/watch?v=ySss3-F9Ur0&amp;list=PLSHbjpdx8T0e_uSJD9-wEx2A9uDKZAZsd&amp;index=42\">https:\/\/www.youtube.com\/watch?v=ySss3-F9Ur0&amp;list=PLSHbjpdx8T0e_uSJD9-wEx2A9uDKZAZsd&amp;index=42<\/a><\/h6>\n\n\n\n<h6 class=\"wp-block-heading has-vivid-red-color has-text-color\">Ksi\u0119ga Sofoniasza &#8211; <a href=\"https:\/\/www.youtube.com\/watch?v=av8GSVEO1jM&amp;list=PLSHbjpdx8T0e_uSJD9-wEx2A9uDKZAZsd&amp;index=43\">https:\/\/www.youtube.com\/watch?v=av8GSVEO1jM&amp;list=PLSHbjpdx8T0e_uSJD9-wEx2A9uDKZAZsd&amp;index=43<\/a><\/h6>\n\n\n\n<h6 class=\"wp-block-heading has-vivid-red-color has-text-color\">Ksi\u0119ga Aggeusza &#8211; <a href=\"https:\/\/www.youtube.com\/watch?v=YUXThibHsaM&amp;list=PLSHbjpdx8T0e_uSJD9-wEx2A9uDKZAZsd&amp;index=44\">https:\/\/www.youtube.com\/watch?v=YUXThibHsaM&amp;list=PLSHbjpdx8T0e_uSJD9-wEx2A9uDKZAZsd&amp;index=44<\/a><\/h6>\n\n\n\n<h6 class=\"wp-block-heading has-vivid-red-color has-text-color\">Ksi\u0119ga Zachariasza &#8211; <a href=\"https:\/\/www.youtube.com\/watch?v=4zWWhcvBfzI&amp;list=PLSHbjpdx8T0e_uSJD9-wEx2A9uDKZAZsd&amp;index=45\">https:\/\/www.youtube.com\/watch?v=4zWWhcvBfzI&amp;list=PLSHbjpdx8T0e_uSJD9-wEx2A9uDKZAZsd&amp;index=45<\/a><\/h6>\n\n\n\n<h6 class=\"wp-block-heading has-vivid-red-color has-text-color\">Ksi\u0119ga Malachiasza &#8211; <a href=\"https:\/\/www.youtube.com\/watch?v=ToHSVAuNwYw&amp;list=PLSHbjpdx8T0e_uSJD9-wEx2A9uDKZAZsd&amp;index=46\">https:\/\/www.youtube.com\/watch?v=ToHSVAuNwYw&amp;list=PLSHbjpdx8T0e_uSJD9-wEx2A9uDKZAZsd&amp;index=46<\/a><\/h6>\n","protected":false},"excerpt":{"rendered":"<p>Ksi\u0119ga Rodzaju &#8211; https:\/\/www.youtube.com\/watch?v=s3Dkv7WxKpg Ksi\u0119ga Wyj\u015bcia &#8211; https:\/\/www.youtube.com\/watch?v=euMh8Wy9Kok&amp;list=PLSHbjpdx8T0e_uSJD9-wEx2A9uDKZAZsd&amp;index=2 Ksi\u0119ga Kap\u0142a\u0144ska &#8211; https:\/\/www.youtube.com\/watch?v=lzV6Y9JaKmY&amp;list=PLSHbjpdx8T0e_uSJD9-wEx2A9uDKZAZsd&amp;index=3 Ksi\u0119ga Liczb &#8211; https:\/\/www.youtube.com\/watch?v=IvuhnVleXUs&amp;list=PLSHbjpdx8T0e_uSJD9-wEx2A9uDKZAZsd&amp;index=4 Ksi\u0119ga Powt\u00f3rzonego Prawa &#8211; https:\/\/www.youtube.com\/watch?v=AoWmV1aMef0&amp;list=PLSHbjpdx8T0e_uSJD9-wEx2A9uDKZAZsd&amp;index=5 Ksi\u0119ga Jozuego &#8211; https:\/\/www.youtube.com\/watch?v=zg979GsB9RI&amp;list=PLSHbjpdx8T0e_uSJD9-wEx2A9uDKZAZsd&amp;index=6 Ksi\u0119ga S\u0119dzi\u00f3w &#8211; https:\/\/www.youtube.com\/watch?v=Ros80WOzmC8&amp;list=PLSHbjpdx8T0e_uSJD9-wEx2A9uDKZAZsd&amp;index=7 Ksi\u0119ga Rut &#8211; https:\/\/www.youtube.com\/watch?v=DgC5W1eyTXQ&amp;list=PLSHbjpdx8T0e_uSJD9-wEx2A9uDKZAZsd&amp;index=8 I Ksi\u0119ga Samuela &#8211; https:\/\/www.youtube.com\/watch?v=pVAAYU7BABc&amp;list=PLSHbjpdx8T0e_uSJD9-wEx2A9uDKZAZsd&amp;index=9 II Ksi\u0119ga Samuela &#8211; https:\/\/www.youtube.com\/watch?v=8SG9AiMbdMk&amp;list=PLSHbjpdx8T0e_uSJD9-wEx2A9uDKZAZsd&amp;index=10 I Ksi\u0119ga Kronik &#8211; https:\/\/www.youtube.com\/watch?v=vlh98N-l5Mw&amp;list=PLSHbjpdx8T0e_uSJD9-wEx2A9uDKZAZsd&amp;index=13 II Ksi\u0119ga Kronik &#8211; https:\/\/www.youtube.com\/watch?v=zjdxZUk3CBg&amp;list=PLSHbjpdx8T0e_uSJD9-wEx2A9uDKZAZsd&amp;index=14 Ksi\u0119ga Ezdrasza &hellip; <\/p>\n<p class=\"link-more\"><a href=\"http:\/\/parafiajeziorany.pl\/?page_id=813\" class=\"more-link\">Czytaj dalej<span class=\"screen-reader-text\"> \u201eStary Testament\u201d<\/span><\/a><\/p>\n","protected":false},"author":2,"featured_media":0,"parent":0,"menu_order":0,"comment_status":"closed","ping_status":"closed","template":"","meta":{"footnotes":""},"class_list":["post-813","page","type-page","status-publish","hentry"],"_links":{"self":[{"href":"http:\/\/parafiajeziorany.pl\/index.php?rest_route=\/wp\/v2\/pages\/813","targetHints":{"allow":["GET"]}}],"collection":[{"href":"http:\/\/parafiajeziorany.pl\/index.php?rest_route=\/wp\/v2\/pages"}],"about":[{"href":"http:\/\/parafiajeziorany.pl\/index.php?rest_route=\/wp\/v2\/types\/page"}],"author":[{"embeddable":true,"href":"http:\/\/parafiajeziorany.pl\/index.php?rest_route=\/wp\/v2\/users\/2"}],"replies":[{"embeddable":true,"href":"http:\/\/parafiajeziorany.pl\/index.php?rest_route=%2Fwp%2Fv2%2Fcomments&post=813"}],"version-history":[{"count":21,"href":"http:\/\/parafiajeziorany.pl\/index.php?rest_route=\/wp\/v2\/pages\/813\/revisions"}],"predecessor-version":[{"id":4385,"href":"http:\/\/parafiajeziorany.pl\/index.php?rest_route=\/wp\/v2\/pages\/813\/revisions\/4385"}],"wp:attachment":[{"href":"http:\/\/parafiajeziorany.pl\/index.php?rest_route=%2Fwp%2Fv2%2Fmedia&parent=813"}],"curies":[{"name":"wp","href":"https:\/\/api.w.org\/{rel}","templated":true}]}}